{"id":42,"date":"2024-01-31T15:25:43","date_gmt":"2024-01-31T15:25:43","guid":{"rendered":"https:\/\/www.ilonlahde.fi\/index.php\/front_page\/"},"modified":"2024-05-20T13:33:12","modified_gmt":"2024-05-20T13:33:12","slug":"eroterapiaa-etana","status":"publish","type":"page","link":"https:\/\/www.ilonlahde.fi\/","title":{"rendered":"Etusivu"},"content":{"rendered":"\n\n\n\n\n\n\n\n\n\n\n\n\n\n\n\n\n\n\n\n\n\n\n\n\n\n\n\n","protected":false},"excerpt":{"rendered":"","protected":false},"author":1,"featured_media":0,"parent":0,"menu_order":0,"comment_status":"closed","ping_status":"closed","template":"kubio-full-width","meta":{"saved_in_kubio":true,"_eb_attr":"","_gspb_post_css":"","footnotes":""},"class_list":["post-42","page","type-page","status-publish","hentry"],"kubio_ai_page_context":{"short_desc":"","purpose":"general"},"yoast_head":"<!-- This site is optimized with the Yoast SEO plugin v26.8 - https:\/\/yoast.com\/product\/yoast-seo-wordpress\/ -->\n<title>Etusivu - Ilon l&auml;hde Eroterapiaa et\u00e4n\u00e4<\/title>\n<meta name=\"description\" content=\"Eroterapiaa et\u00e4n\u00e4 Eroterapia\" \/>\n<meta name=\"robots\" content=\"index, follow, max-snippet:-1, max-image-preview:large, max-video-preview:-1\" \/>\n<link rel=\"canonical\" href=\"https:\/\/www.ilonlahde.fi\/\" \/>\n<meta property=\"og:locale\" content=\"fi_FI\" \/>\n<meta property=\"og:type\" content=\"article\" \/>\n<meta property=\"og:title\" content=\"Etusivu - Ilon l&auml;hde Eroterapiaa et\u00e4n\u00e4\" \/>\n<meta property=\"og:description\" content=\"Eroterapiaa et\u00e4n\u00e4 Eroterapia\" \/>\n<meta property=\"og:url\" content=\"https:\/\/www.ilonlahde.fi\/\" \/>\n<meta property=\"og:site_name\" content=\"Ilon l&auml;hde\" \/>\n<meta property=\"article:modified_time\" content=\"2024-05-20T13:33:12+00:00\" \/>\n<meta name=\"twitter:card\" content=\"summary_large_image\" \/>\n<script type=\"application\/ld+json\" class=\"yoast-schema-graph\">{\"@context\":\"https:\/\/schema.org\",\"@graph\":[{\"@type\":\"WebPage\",\"@id\":\"https:\/\/www.ilonlahde.fi\/\",\"url\":\"https:\/\/www.ilonlahde.fi\/\",\"name\":\"Etusivu - Ilon l&auml;hde Eroterapiaa et\u00e4n\u00e4\",\"isPartOf\":{\"@id\":\"https:\/\/www.ilonlahde.fi\/#website\"},\"datePublished\":\"2024-01-31T15:25:43+00:00\",\"dateModified\":\"2024-05-20T13:33:12+00:00\",\"description\":\"Eroterapiaa et\u00e4n\u00e4 Eroterapia\",\"breadcrumb\":{\"@id\":\"https:\/\/www.ilonlahde.fi\/#breadcrumb\"},\"inLanguage\":\"fi\",\"potentialAction\":[{\"@type\":\"ReadAction\",\"target\":[\"https:\/\/www.ilonlahde.fi\/\"]}]},{\"@type\":\"BreadcrumbList\",\"@id\":\"https:\/\/www.ilonlahde.fi\/#breadcrumb\",\"itemListElement\":[{\"@type\":\"ListItem\",\"position\":1,\"name\":\"Etusivu\",\"item\":\"https:\/\/www.ilonlahde.fi\/\"},{\"@type\":\"ListItem\",\"position\":2,\"name\":\"Etusivu\"}]},{\"@type\":\"WebSite\",\"@id\":\"https:\/\/www.ilonlahde.fi\/#website\",\"url\":\"https:\/\/www.ilonlahde.fi\/\",\"name\":\"Ilon l\u00e4hde\",\"description\":\"Eroterapiaa et&auml;n&auml;\",\"publisher\":{\"@id\":\"https:\/\/www.ilonlahde.fi\/#\/schema\/person\/412acb2286ad54e96167d88f1de05a20\"},\"alternateName\":\"Terapia ilon l\u00e4hde\",\"potentialAction\":[{\"@type\":\"SearchAction\",\"target\":{\"@type\":\"EntryPoint\",\"urlTemplate\":\"https:\/\/www.ilonlahde.fi\/?s={search_term_string}\"},\"query-input\":{\"@type\":\"PropertyValueSpecification\",\"valueRequired\":true,\"valueName\":\"search_term_string\"}}],\"inLanguage\":\"fi\"},{\"@type\":[\"Person\",\"Organization\"],\"@id\":\"https:\/\/www.ilonlahde.fi\/#\/schema\/person\/412acb2286ad54e96167d88f1de05a20\",\"name\":\"admin\",\"image\":{\"@type\":\"ImageObject\",\"inLanguage\":\"fi\",\"@id\":\"https:\/\/www.ilonlahde.fi\/#\/schema\/person\/image\/\",\"url\":\"https:\/\/www.ilonlahde.fi\/wp-content\/uploads\/2024\/05\/Nimeton-4-2.png\",\"contentUrl\":\"https:\/\/www.ilonlahde.fi\/wp-content\/uploads\/2024\/05\/Nimeton-4-2.png\",\"width\":950,\"height\":950,\"caption\":\"admin\"},\"logo\":{\"@id\":\"https:\/\/www.ilonlahde.fi\/#\/schema\/person\/image\/\"},\"sameAs\":[\"http:\/\/www.ilonlahde.fi\"]}]}<\/script>\n<!-- \/ Yoast SEO plugin. -->","yoast_head_json":{"title":"Etusivu - Ilon l&auml;hde Eroterapiaa et\u00e4n\u00e4","description":"Eroterapiaa et\u00e4n\u00e4 Eroterapia","robots":{"index":"index","follow":"follow","max-snippet":"max-snippet:-1","max-image-preview":"max-image-preview:large","max-video-preview":"max-video-preview:-1"},"canonical":"https:\/\/www.ilonlahde.fi\/","og_locale":"fi_FI","og_type":"article","og_title":"Etusivu - Ilon l&auml;hde Eroterapiaa et\u00e4n\u00e4","og_description":"Eroterapiaa et\u00e4n\u00e4 Eroterapia","og_url":"https:\/\/www.ilonlahde.fi\/","og_site_name":"Ilon l&auml;hde","article_modified_time":"2024-05-20T13:33:12+00:00","twitter_card":"summary_large_image","schema":{"@context":"https:\/\/schema.org","@graph":[{"@type":"WebPage","@id":"https:\/\/www.ilonlahde.fi\/","url":"https:\/\/www.ilonlahde.fi\/","name":"Etusivu - Ilon l&auml;hde Eroterapiaa et\u00e4n\u00e4","isPartOf":{"@id":"https:\/\/www.ilonlahde.fi\/#website"},"datePublished":"2024-01-31T15:25:43+00:00","dateModified":"2024-05-20T13:33:12+00:00","description":"Eroterapiaa et\u00e4n\u00e4 Eroterapia","breadcrumb":{"@id":"https:\/\/www.ilonlahde.fi\/#breadcrumb"},"inLanguage":"fi","potentialAction":[{"@type":"ReadAction","target":["https:\/\/www.ilonlahde.fi\/"]}]},{"@type":"BreadcrumbList","@id":"https:\/\/www.ilonlahde.fi\/#breadcrumb","itemListElement":[{"@type":"ListItem","position":1,"name":"Etusivu","item":"https:\/\/www.ilonlahde.fi\/"},{"@type":"ListItem","position":2,"name":"Etusivu"}]},{"@type":"WebSite","@id":"https:\/\/www.ilonlahde.fi\/#website","url":"https:\/\/www.ilonlahde.fi\/","name":"Ilon l\u00e4hde","description":"Eroterapiaa et&auml;n&auml;","publisher":{"@id":"https:\/\/www.ilonlahde.fi\/#\/schema\/person\/412acb2286ad54e96167d88f1de05a20"},"alternateName":"Terapia ilon l\u00e4hde","potentialAction":[{"@type":"SearchAction","target":{"@type":"EntryPoint","urlTemplate":"https:\/\/www.ilonlahde.fi\/?s={search_term_string}"},"query-input":{"@type":"PropertyValueSpecification","valueRequired":true,"valueName":"search_term_string"}}],"inLanguage":"fi"},{"@type":["Person","Organization"],"@id":"https:\/\/www.ilonlahde.fi\/#\/schema\/person\/412acb2286ad54e96167d88f1de05a20","name":"admin","image":{"@type":"ImageObject","inLanguage":"fi","@id":"https:\/\/www.ilonlahde.fi\/#\/schema\/person\/image\/","url":"https:\/\/www.ilonlahde.fi\/wp-content\/uploads\/2024\/05\/Nimeton-4-2.png","contentUrl":"https:\/\/www.ilonlahde.fi\/wp-content\/uploads\/2024\/05\/Nimeton-4-2.png","width":950,"height":950,"caption":"admin"},"logo":{"@id":"https:\/\/www.ilonlahde.fi\/#\/schema\/person\/image\/"},"sameAs":["http:\/\/www.ilonlahde.fi"]}]}},"_links":{"self":[{"href":"https:\/\/www.ilonlahde.fi\/index.php\/wp-json\/wp\/v2\/pages\/42","targetHints":{"allow":["GET"]}}],"collection":[{"href":"https:\/\/www.ilonlahde.fi\/index.php\/wp-json\/wp\/v2\/pages"}],"about":[{"href":"https:\/\/www.ilonlahde.fi\/index.php\/wp-json\/wp\/v2\/types\/page"}],"author":[{"embeddable":true,"href":"https:\/\/www.ilonlahde.fi\/index.php\/wp-json\/wp\/v2\/users\/1"}],"replies":[{"embeddable":true,"href":"https:\/\/www.ilonlahde.fi\/index.php\/wp-json\/wp\/v2\/comments?post=42"}],"version-history":[{"count":668,"href":"https:\/\/www.ilonlahde.fi\/index.php\/wp-json\/wp\/v2\/pages\/42\/revisions"}],"predecessor-version":[{"id":2198,"href":"https:\/\/www.ilonlahde.fi\/index.php\/wp-json\/wp\/v2\/pages\/42\/revisions\/2198"}],"wp:attachment":[{"href":"https:\/\/www.ilonlahde.fi\/index.php\/wp-json\/wp\/v2\/media?parent=42"}],"curies":[{"name":"wp","href":"https:\/\/api.w.org\/{rel}","templated":true}]}}